{"id":10,"date":"2024-02-27T16:31:55","date_gmt":"2024-02-27T16:31:55","guid":{"rendered":"https:\/\/forgesa.net\/?page_id=10"},"modified":"2024-04-06T00:11:15","modified_gmt":"2024-04-06T00:11:15","slug":"nosotros","status":"publish","type":"page","link":"https:\/\/forgesa.net\/index.php\/nosotros\/","title":{"rendered":"NOSOTROS"},"content":{"rendered":"<h1><strong>\u00bfQUI\u00c9NES SOMOS?<\/strong><\/h1>\n<div>\n<p>En Formas Generales, estamos comprometidos a dise\u00f1ar, fabricar y proveer para negocios e impresi\u00f3n, que satisfagan las necesidades del cliente proporcion\u00e1ndole atenci\u00f3n, confiabilidad y seguridad, revisando, midiendo y mejorando todos los procesos para asegurar y mantener nuestro sistema de administraci\u00f3n de calidad.<\/p>\n<\/div>\n<p>\n    <a href=\"\/index.php\/servicios\/\">SERVICIOS<\/a>\n<\/p>\n<ul>\n<li>\n<p>        <img decoding=\"async\" src=\"\/wp-content\/uploads\/2024\/04\/202.png\" alt=\"\"><\/p>\n<\/li>\n<li>\n<p>        <img decoding=\"async\" src=\"\/wp-content\/uploads\/2024\/04\/203.png\" alt=\"\"><\/p>\n<\/li>\n<li>\n<p>        <img decoding=\"async\" src=\"\/wp-content\/uploads\/2024\/04\/204.png\" alt=\"\"><\/p>\n<\/li>\n<\/ul>\n<p><img decoding=\"async\" src=\"\/wp-content\/uploads\/2024\/02\/1.png\" alt=\"\"><\/p>\n<h3>MISI\u00d3N<\/h3>\n<div>\n<p>Nuestra misi\u00f3n es satisfacer y superar las necesidades de formas para negocios e impresi\u00f3n que nuestros clientes requieren proporcionando productos y servicios de la m\u00e1s alta calidad con entregas confiables y oportunas, as\u00ed como flexibilidad antes las necesidades de nuestros clientes.<\/p>\n<\/div>\n<p><img decoding=\"async\" src=\"\/wp-content\/uploads\/2024\/02\/2.png\" alt=\"\"><\/p>\n<h3>VISI\u00d3N<\/h3>\n<div>\n<p>Ser la empresa m\u00e1s eficiente y eficaz en la fabricaci\u00f3n de formas para negocios e impresi\u00f3n, contando con una organizaci\u00f3n en el m\u00e1s alto nivel de calidad, servicio, capacitaci\u00f3n e innovaci\u00f3n que nos permitan ser la mejor opci\u00f3n para nuestros clientes.<\/p>\n<\/div>\n<p><!--more--><br \/>\n<!-- {\"type\":\"layout\",\"children\":[{\"type\":\"section\",\"props\":{\"animation\":\"scale-up\",\"image_position\":\"center-center\",\"padding\":\"small\",\"style\":\"default\",\"title_breakpoint\":\"xl\",\"title_position\":\"top-left\",\"title_rotation\":\"left\",\"vertical_align\":\"middle\",\"width\":\"default\"},\"children\":[{\"type\":\"row\",\"children\":[{\"type\":\"column\",\"props\":{\"image_position\":\"center-center\",\"position_sticky_breakpoint\":\"m\"},\"children\":[{\"type\":\"headline\",\"props\":{\"content\":\"<strong>\\u00bfQUI\\u00c9NES SOMOS?<\\\/strong>\",\"text_align\":\"center\",\"title_element\":\"h1\"}},{\"type\":\"text\",\"props\":{\"column_breakpoint\":\"m\",\"content\":\"\n\n<p>En Formas Generales, estamos comprometidos a dise\\u00f1ar, fabricar y proveer para negocios e impresi\\u00f3n, que satisfagan las necesidades del cliente proporcion\\u00e1ndole atenci\\u00f3n, confiabilidad y seguridad, revisando, midiendo y mejorando todos los procesos para asegurar y mantener nuestro sistema de administraci\\u00f3n de calidad.<\\\/p>\",\"margin\":\"default\",\"text_align\":\"center\",\"text_style\":\"small\"}},{\"type\":\"button\",\"props\":{\"grid_column_gap\":\"small\",\"grid_row_gap\":\"small\",\"margin\":\"default\",\"text_align\":\"center\"},\"children\":[{\"type\":\"button_item\",\"props\":{\"button_style\":\"default\",\"content\":\"SERVICIOS\",\"icon_align\":\"left\",\"link\":\"index.php\\\/servicios\\\/\",\"link_title\":\"SERVICIOS\"}}]}]}]}]},{\"type\":\"section\",\"props\":{\"animation\":\"scale-up\",\"image_position\":\"center-center\",\"padding\":\"xsmall\",\"style\":\"default\",\"title_breakpoint\":\"xl\",\"title_position\":\"top-left\",\"title_rotation\":\"left\",\"vertical_align\":\"middle\",\"width\":\"\"},\"children\":[{\"type\":\"row\",\"children\":[{\"type\":\"column\",\"props\":{\"image_position\":\"center-center\",\"position_sticky_breakpoint\":\"m\"},\"children\":[{\"type\":\"slideshow\",\"props\":{\"link_style\":\"default\",\"link_text\":\"Read more\",\"margin\":\"default\",\"meta_align\":\"below-title\",\"meta_element\":\"div\",\"meta_style\":\"text-meta\",\"nav\":\"dotnav\",\"nav_align\":\"center\",\"nav_breakpoint\":\"s\",\"nav_position\":\"bottom-center\",\"nav_position_margin\":\"medium\",\"overlay_animation\":\"parallax\",\"overlay_parallax_x\":\"0\",\"overlay_position\":\"center-left\",\"show_content\":false,\"show_link\":false,\"show_meta\":false,\"show_thumbnail\":false,\"show_title\":false,\"slidenav\":\"default\",\"slidenav_breakpoint\":\"s\",\"slidenav_margin\":\"\",\"slidenav_outside_breakpoint\":\"xl\",\"slideshow_autoplay\":true,\"slideshow_autoplay_pause\":false,\"slideshow_min_height\":300,\"slideshow_parallax\":false,\"slideshow_parallax_easing\":\"-0.3\",\"thumbnav_height\":\"75\",\"thumbnav_svg_color\":\"emphasis\",\"thumbnav_width\":\"100\",\"title_element\":\"h3\"},\"children\":[{\"type\":\"slideshow_item\",\"props\":{\"image\":\"wp-content\\\/uploads\\\/2024\\\/04\\\/202.png\"}},{\"type\":\"slideshow_item\",\"props\":{\"image\":\"wp-content\\\/uploads\\\/2024\\\/04\\\/203.png\"}},{\"type\":\"slideshow_item\",\"props\":{\"image\":\"wp-content\\\/uploads\\\/2024\\\/04\\\/204.png\"}}]}]}]}]},{\"type\":\"section\",\"props\":{\"image_position\":\"center-center\",\"style\":\"default\",\"title_breakpoint\":\"xl\",\"title_position\":\"top-left\",\"title_rotation\":\"left\",\"vertical_align\":\"middle\",\"width\":\"default\"},\"children\":[{\"type\":\"row\",\"props\":{\"layout\":\"1-2,1-2\"},\"children\":[{\"type\":\"column\",\"props\":{\"image_position\":\"center-center\",\"position_sticky_breakpoint\":\"m\",\"width_medium\":\"1-2\"},\"children\":[{\"type\":\"image\",\"props\":{\"image\":\"wp-content\\\/uploads\\\/2024\\\/02\\\/1.png\",\"image_svg_color\":\"emphasis\",\"image_width\":100,\"margin\":\"default\",\"text_align\":\"center\"}},{\"type\":\"headline\",\"props\":{\"content\":\"MISI\\u00d3N\",\"margin_remove_top\":true,\"text_align\":\"center\",\"title_element\":\"h3\"}},{\"type\":\"text\",\"props\":{\"column_breakpoint\":\"m\",\"content\":\"\n\n<p>Nuestra misi\\u00f3n es satisfacer y superar las necesidades de formas para negocios e impresi\\u00f3n que nuestros clientes requieren proporcionando productos y servicios de la m\\u00e1s alta calidad con entregas confiables y oportunas, as\\u00ed como flexibilidad antes las necesidades de nuestros clientes.<\\\/p>\",\"margin\":\"default\",\"text_align\":\"center\",\"text_style\":\"small\"}}]},{\"type\":\"column\",\"props\":{\"image_position\":\"center-center\",\"position_sticky_breakpoint\":\"m\",\"width_medium\":\"1-2\"},\"children\":[{\"type\":\"image\",\"props\":{\"image\":\"wp-content\\\/uploads\\\/2024\\\/02\\\/2.png\",\"image_svg_color\":\"emphasis\",\"image_width\":100,\"margin\":\"default\",\"text_align\":\"center\"}},{\"type\":\"headline\",\"props\":{\"content\":\"VISI\\u00d3N\",\"margin_remove_top\":true,\"text_align\":\"center\",\"title_element\":\"h3\"}},{\"type\":\"text\",\"props\":{\"column_breakpoint\":\"m\",\"content\":\"\n\n<p>Ser la empresa m\\u00e1s eficiente y eficaz en la fabricaci\\u00f3n de formas para negocios e impresi\\u00f3n, contando con una organizaci\\u00f3n en el m\\u00e1s alto nivel de calidad, servicio, capacitaci\\u00f3n e innovaci\\u00f3n que nos permitan ser la mejor opci\\u00f3n para nuestros clientes.<\\\/p>\",\"margin\":\"default\",\"text_align\":\"center\",\"text_style\":\"small\"}}]}]}]}],\"version\":\"4.3.4\"} --><\/p>\n","protected":false},"excerpt":{"rendered":"<p>\u00bfQUI\u00c9NES SOMOS? En Formas Generales, estamos comprometidos a dise\u00f1ar, fabricar y proveer para negocios e impresi\u00f3n, que satisfagan las necesidades del cliente proporcion\u00e1ndole atenci\u00f3n, confiabilidad y seguridad, revisando, midiendo y mejorando todos los procesos para asegurar y mantener nuestro sistema de administraci\u00f3n de calidad. SERVICIOS MISI\u00d3N Nuestra misi\u00f3n es satisfacer y superar las necesidades de [&hellip;]<\/p>\n","protected":false},"author":1,"featured_media":0,"parent":0,"menu_order":0,"comment_status":"closed","ping_status":"closed","template":"","meta":{"_joinchat":[],"footnotes":""},"class_list":["post-10","page","type-page","status-publish","hentry"],"yoast_head":"<!-- This site is optimized with the Yoast SEO plugin v26.2 - https:\/\/yoast.com\/wordpress\/plugins\/seo\/ -->\n<title>NOSOTROS - Formas Generales<\/title>\n<meta name=\"robots\" content=\"index, follow, max-snippet:-1, max-image-preview:large, max-video-preview:-1\" \/>\n<link rel=\"canonical\" href=\"https:\/\/forgesa.net\/index.php\/nosotros\/\" \/>\n<meta property=\"og:locale\" content=\"es_ES\" \/>\n<meta property=\"og:type\" content=\"article\" \/>\n<meta property=\"og:title\" content=\"NOSOTROS - Formas Generales\" \/>\n<meta property=\"og:description\" content=\"\u00bfQUI\u00c9NES SOMOS? En Formas Generales, estamos comprometidos a dise\u00f1ar, fabricar y proveer para negocios e impresi\u00f3n, que satisfagan las necesidades del cliente proporcion\u00e1ndole atenci\u00f3n, confiabilidad y seguridad, revisando, midiendo y mejorando todos los procesos para asegurar y mantener nuestro sistema de administraci\u00f3n de calidad. SERVICIOS MISI\u00d3N Nuestra misi\u00f3n es satisfacer y superar las necesidades de [&hellip;]\" \/>\n<meta property=\"og:url\" content=\"https:\/\/forgesa.net\/index.php\/nosotros\/\" \/>\n<meta property=\"og:site_name\" content=\"Formas Generales\" \/>\n<meta property=\"article:modified_time\" content=\"2024-04-06T00:11:15+00:00\" \/>\n<meta name=\"twitter:card\" content=\"summary_large_image\" \/>\n<meta name=\"twitter:label1\" content=\"Tiempo de lectura\" \/>\n\t<meta name=\"twitter:data1\" content=\"1 minuto\" \/>\n<script type=\"application\/ld+json\" class=\"yoast-schema-graph\">{\"@context\":\"https:\/\/schema.org\",\"@graph\":[{\"@type\":\"WebPage\",\"@id\":\"https:\/\/forgesa.net\/index.php\/nosotros\/\",\"url\":\"https:\/\/forgesa.net\/index.php\/nosotros\/\",\"name\":\"NOSOTROS - Formas Generales\",\"isPartOf\":{\"@id\":\"https:\/\/forgesa.net\/#website\"},\"datePublished\":\"2024-02-27T16:31:55+00:00\",\"dateModified\":\"2024-04-06T00:11:15+00:00\",\"breadcrumb\":{\"@id\":\"https:\/\/forgesa.net\/index.php\/nosotros\/#breadcrumb\"},\"inLanguage\":\"es\",\"potentialAction\":[{\"@type\":\"ReadAction\",\"target\":[\"https:\/\/forgesa.net\/index.php\/nosotros\/\"]}]},{\"@type\":\"BreadcrumbList\",\"@id\":\"https:\/\/forgesa.net\/index.php\/nosotros\/#breadcrumb\",\"itemListElement\":[{\"@type\":\"ListItem\",\"position\":1,\"name\":\"Portada\",\"item\":\"https:\/\/forgesa.net\/\"},{\"@type\":\"ListItem\",\"position\":2,\"name\":\"NOSOTROS\"}]},{\"@type\":\"WebSite\",\"@id\":\"https:\/\/forgesa.net\/#website\",\"url\":\"https:\/\/forgesa.net\/\",\"name\":\"Formas Generales\",\"description\":\"Soluciones en Impresi\u00f3n\",\"potentialAction\":[{\"@type\":\"SearchAction\",\"target\":{\"@type\":\"EntryPoint\",\"urlTemplate\":\"https:\/\/forgesa.net\/?s={search_term_string}\"},\"query-input\":{\"@type\":\"PropertyValueSpecification\",\"valueRequired\":true,\"valueName\":\"search_term_string\"}}],\"inLanguage\":\"es\"}]}<\/script>\n<!-- \/ Yoast SEO plugin. -->","yoast_head_json":{"title":"NOSOTROS - Formas Generales","robots":{"index":"index","follow":"follow","max-snippet":"max-snippet:-1","max-image-preview":"max-image-preview:large","max-video-preview":"max-video-preview:-1"},"canonical":"https:\/\/forgesa.net\/index.php\/nosotros\/","og_locale":"es_ES","og_type":"article","og_title":"NOSOTROS - Formas Generales","og_description":"\u00bfQUI\u00c9NES SOMOS? En Formas Generales, estamos comprometidos a dise\u00f1ar, fabricar y proveer para negocios e impresi\u00f3n, que satisfagan las necesidades del cliente proporcion\u00e1ndole atenci\u00f3n, confiabilidad y seguridad, revisando, midiendo y mejorando todos los procesos para asegurar y mantener nuestro sistema de administraci\u00f3n de calidad. SERVICIOS MISI\u00d3N Nuestra misi\u00f3n es satisfacer y superar las necesidades de [&hellip;]","og_url":"https:\/\/forgesa.net\/index.php\/nosotros\/","og_site_name":"Formas Generales","article_modified_time":"2024-04-06T00:11:15+00:00","twitter_card":"summary_large_image","twitter_misc":{"Tiempo de lectura":"1 minuto"},"schema":{"@context":"https:\/\/schema.org","@graph":[{"@type":"WebPage","@id":"https:\/\/forgesa.net\/index.php\/nosotros\/","url":"https:\/\/forgesa.net\/index.php\/nosotros\/","name":"NOSOTROS - Formas Generales","isPartOf":{"@id":"https:\/\/forgesa.net\/#website"},"datePublished":"2024-02-27T16:31:55+00:00","dateModified":"2024-04-06T00:11:15+00:00","breadcrumb":{"@id":"https:\/\/forgesa.net\/index.php\/nosotros\/#breadcrumb"},"inLanguage":"es","potentialAction":[{"@type":"ReadAction","target":["https:\/\/forgesa.net\/index.php\/nosotros\/"]}]},{"@type":"BreadcrumbList","@id":"https:\/\/forgesa.net\/index.php\/nosotros\/#breadcrumb","itemListElement":[{"@type":"ListItem","position":1,"name":"Portada","item":"https:\/\/forgesa.net\/"},{"@type":"ListItem","position":2,"name":"NOSOTROS"}]},{"@type":"WebSite","@id":"https:\/\/forgesa.net\/#website","url":"https:\/\/forgesa.net\/","name":"Formas Generales","description":"Soluciones en Impresi\u00f3n","potentialAction":[{"@type":"SearchAction","target":{"@type":"EntryPoint","urlTemplate":"https:\/\/forgesa.net\/?s={search_term_string}"},"query-input":{"@type":"PropertyValueSpecification","valueRequired":true,"valueName":"search_term_string"}}],"inLanguage":"es"}]}},"_links":{"self":[{"href":"https:\/\/forgesa.net\/index.php\/wp-json\/wp\/v2\/pages\/10","targetHints":{"allow":["GET"]}}],"collection":[{"href":"https:\/\/forgesa.net\/index.php\/wp-json\/wp\/v2\/pages"}],"about":[{"href":"https:\/\/forgesa.net\/index.php\/wp-json\/wp\/v2\/types\/page"}],"author":[{"embeddable":true,"href":"https:\/\/forgesa.net\/index.php\/wp-json\/wp\/v2\/users\/1"}],"replies":[{"embeddable":true,"href":"https:\/\/forgesa.net\/index.php\/wp-json\/wp\/v2\/comments?post=10"}],"version-history":[{"count":56,"href":"https:\/\/forgesa.net\/index.php\/wp-json\/wp\/v2\/pages\/10\/revisions"}],"predecessor-version":[{"id":421,"href":"https:\/\/forgesa.net\/index.php\/wp-json\/wp\/v2\/pages\/10\/revisions\/421"}],"wp:attachment":[{"href":"https:\/\/forgesa.net\/index.php\/wp-json\/wp\/v2\/media?parent=10"}],"curies":[{"name":"wp","href":"https:\/\/api.w.org\/{rel}","templated":true}]}}