{"id":18,"date":"2024-02-27T16:32:22","date_gmt":"2024-02-27T16:32:22","guid":{"rendered":"https:\/\/forgesa.net\/?page_id=18"},"modified":"2024-02-29T18:30:28","modified_gmt":"2024-02-29T18:30:28","slug":"productos","status":"publish","type":"page","link":"https:\/\/forgesa.net\/index.php\/productos\/","title":{"rendered":"PRODUCTOS"},"content":{"rendered":"<h1>NUESTROS <strong>PRODUCTOS<\/strong><\/h1>\n<div>\n<p>Contamos con la capacidad de imprimir desde una a ocho tintas, selecci\u00f3n de color, barnizados mate y brillante, tintes especiales con una amplia gama de productos.<\/p>\n<p>Tambi\u00e9n imprimimos su informaci\u00f3n variable y combinamos varios productos de acuerdo a sus necesidades, as\u00ed le ofrecemos un producto integral.<\/p>\n<\/div>\n<p><img decoding=\"async\" src=\"\/wp-content\/uploads\/2024\/02\/PRODUCTOS.png\" alt=\"\"><\/p>\n<div>\n<p>Nuestros productos se elaboran 100% en nuestra planta, contamos con toda la maquinaria e infraetsructura para procesar el producto desde su dise\u00f1o hasta la entrega donde usted requiera.<\/p>\n<p>FORMAS CONTINUAS | CHEQUES Y VALORES | DOCUMENTOS DE SEGURIDAD | ROLLOS | PRENSA PLANA (JUEGOS R\u00c1PIDOS) | FORMATOS L\u00c1SER (HOJA SUELTA) | CUADERNILLOS Y FOLLETER\u00cdA | VALES Y BOLETOS DE SORTEOS | FORMATOS PARA LECTOR \u00d3PTICO (MER, OCR) | C\u00d3DIGOS DE BARRAS <strong>Y M\u00c1S&#8230;<\/strong><\/p>\n<\/div>\n<p>\n    <a href=\"\/index.php\/contacto\/\">CONT\u00c1CTANOS<\/a>\n<\/p>\n<p><!--more--><br \/>\n<!-- {\"type\":\"layout\",\"children\":[{\"type\":\"section\",\"props\":{\"animation\":\"scale-up\",\"image_position\":\"center-center\",\"padding\":\"small\",\"style\":\"default\",\"title_breakpoint\":\"xl\",\"title_position\":\"top-left\",\"title_rotation\":\"left\",\"vertical_align\":\"middle\",\"width\":\"default\"},\"children\":[{\"type\":\"row\",\"children\":[{\"type\":\"column\",\"props\":{\"image_position\":\"center-center\",\"position_sticky_breakpoint\":\"m\"},\"children\":[{\"type\":\"headline\",\"props\":{\"content\":\"NUESTROS <strong>PRODUCTOS<\\\/strong>\",\"text_align\":\"center\",\"title_element\":\"h1\"}},{\"type\":\"text\",\"props\":{\"column_breakpoint\":\"m\",\"content\":\"\n\n<p>Contamos con la capacidad de imprimir desde una a ocho tintas, selecci\\u00f3n de color, barnizados mate y brillante, tintes especiales con una amplia gama de productos.<\\\/p>\\n\n\n<p>Tambi\\u00e9n imprimimos su informaci\\u00f3n variable y combinamos varios productos de acuerdo a sus necesidades, as\\u00ed le ofrecemos un producto integral.<\\\/p>\",\"margin\":\"default\",\"text_align\":\"center\",\"text_style\":\"small\"}},{\"type\":\"image\",\"props\":{\"image\":\"wp-content\\\/uploads\\\/2024\\\/02\\\/PRODUCTOS.png\",\"image_svg_color\":\"emphasis\",\"image_width\":500,\"margin\":\"default\",\"text_align\":\"center\"}},{\"type\":\"text\",\"props\":{\"column_breakpoint\":\"m\",\"content\":\"\n\n<p>Nuestros productos se elaboran 100% en nuestra planta, contamos con toda la maquinaria e infraetsructura para procesar el producto desde su dise\\u00f1o hasta la entrega donde usted requiera.<\\\/p>\\n\n\n<p>FORMAS CONTINUAS | CHEQUES Y VALORES | DOCUMENTOS DE SEGURIDAD | ROLLOS | PRENSA PLANA (JUEGOS R\\u00c1PIDOS) | FORMATOS L\\u00c1SER (HOJA SUELTA) | CUADERNILLOS Y FOLLETER\\u00cdA | VALES Y BOLETOS DE SORTEOS | FORMATOS PARA LECTOR \\u00d3PTICO (MER, OCR) | C\\u00d3DIGOS DE BARRAS <strong>Y M\\u00c1S...<\\\/strong><\\\/p>\",\"margin\":\"default\",\"text_align\":\"center\",\"text_style\":\"small\"}},{\"type\":\"button\",\"props\":{\"grid_column_gap\":\"small\",\"grid_row_gap\":\"small\",\"margin\":\"default\",\"text_align\":\"center\"},\"children\":[{\"type\":\"button_item\",\"props\":{\"button_style\":\"default\",\"content\":\"CONT\\u00c1CTANOS\",\"icon_align\":\"left\",\"link\":\"index.php\\\/contacto\\\/\",\"link_title\":\"CONT\\u00c1CTANOS\"}}]}]}]}]}],\"version\":\"4.3.4\"} --><\/p>\n","protected":false},"excerpt":{"rendered":"<p>NUESTROS PRODUCTOS Contamos con la capacidad de imprimir desde una a ocho tintas, selecci\u00f3n de color, barnizados mate y brillante, tintes especiales con una amplia gama de productos. Tambi\u00e9n imprimimos su informaci\u00f3n variable y combinamos varios productos de acuerdo a sus necesidades, as\u00ed le ofrecemos un producto integral. Nuestros productos se elaboran 100% en nuestra [&hellip;]<\/p>\n","protected":false},"author":1,"featured_media":0,"parent":0,"menu_order":0,"comment_status":"closed","ping_status":"closed","template":"","meta":{"_joinchat":[],"footnotes":""},"class_list":["post-18","page","type-page","status-publish","hentry"],"yoast_head":"<!-- This site is optimized with the Yoast SEO plugin v26.2 - https:\/\/yoast.com\/wordpress\/plugins\/seo\/ -->\n<title>PRODUCTOS - Formas Generales<\/title>\n<meta name=\"robots\" content=\"index, follow, max-snippet:-1, max-image-preview:large, max-video-preview:-1\" \/>\n<link rel=\"canonical\" href=\"https:\/\/forgesa.net\/index.php\/productos\/\" \/>\n<meta property=\"og:locale\" content=\"es_ES\" \/>\n<meta property=\"og:type\" content=\"article\" \/>\n<meta property=\"og:title\" content=\"PRODUCTOS - Formas Generales\" \/>\n<meta property=\"og:description\" content=\"NUESTROS PRODUCTOS Contamos con la capacidad de imprimir desde una a ocho tintas, selecci\u00f3n de color, barnizados mate y brillante, tintes especiales con una amplia gama de productos. Tambi\u00e9n imprimimos su informaci\u00f3n variable y combinamos varios productos de acuerdo a sus necesidades, as\u00ed le ofrecemos un producto integral. Nuestros productos se elaboran 100% en nuestra [&hellip;]\" \/>\n<meta property=\"og:url\" content=\"https:\/\/forgesa.net\/index.php\/productos\/\" \/>\n<meta property=\"og:site_name\" content=\"Formas Generales\" \/>\n<meta property=\"article:modified_time\" content=\"2024-02-29T18:30:28+00:00\" \/>\n<meta name=\"twitter:card\" content=\"summary_large_image\" \/>\n<meta name=\"twitter:label1\" content=\"Tiempo de lectura\" \/>\n\t<meta name=\"twitter:data1\" content=\"1 minuto\" \/>\n<script type=\"application\/ld+json\" class=\"yoast-schema-graph\">{\"@context\":\"https:\/\/schema.org\",\"@graph\":[{\"@type\":\"WebPage\",\"@id\":\"https:\/\/forgesa.net\/index.php\/productos\/\",\"url\":\"https:\/\/forgesa.net\/index.php\/productos\/\",\"name\":\"PRODUCTOS - Formas Generales\",\"isPartOf\":{\"@id\":\"https:\/\/forgesa.net\/#website\"},\"datePublished\":\"2024-02-27T16:32:22+00:00\",\"dateModified\":\"2024-02-29T18:30:28+00:00\",\"breadcrumb\":{\"@id\":\"https:\/\/forgesa.net\/index.php\/productos\/#breadcrumb\"},\"inLanguage\":\"es\",\"potentialAction\":[{\"@type\":\"ReadAction\",\"target\":[\"https:\/\/forgesa.net\/index.php\/productos\/\"]}]},{\"@type\":\"BreadcrumbList\",\"@id\":\"https:\/\/forgesa.net\/index.php\/productos\/#breadcrumb\",\"itemListElement\":[{\"@type\":\"ListItem\",\"position\":1,\"name\":\"Portada\",\"item\":\"https:\/\/forgesa.net\/\"},{\"@type\":\"ListItem\",\"position\":2,\"name\":\"PRODUCTOS\"}]},{\"@type\":\"WebSite\",\"@id\":\"https:\/\/forgesa.net\/#website\",\"url\":\"https:\/\/forgesa.net\/\",\"name\":\"Formas Generales\",\"description\":\"Soluciones en Impresi\u00f3n\",\"potentialAction\":[{\"@type\":\"SearchAction\",\"target\":{\"@type\":\"EntryPoint\",\"urlTemplate\":\"https:\/\/forgesa.net\/?s={search_term_string}\"},\"query-input\":{\"@type\":\"PropertyValueSpecification\",\"valueRequired\":true,\"valueName\":\"search_term_string\"}}],\"inLanguage\":\"es\"}]}<\/script>\n<!-- \/ Yoast SEO plugin. -->","yoast_head_json":{"title":"PRODUCTOS - Formas Generales","robots":{"index":"index","follow":"follow","max-snippet":"max-snippet:-1","max-image-preview":"max-image-preview:large","max-video-preview":"max-video-preview:-1"},"canonical":"https:\/\/forgesa.net\/index.php\/productos\/","og_locale":"es_ES","og_type":"article","og_title":"PRODUCTOS - Formas Generales","og_description":"NUESTROS PRODUCTOS Contamos con la capacidad de imprimir desde una a ocho tintas, selecci\u00f3n de color, barnizados mate y brillante, tintes especiales con una amplia gama de productos. Tambi\u00e9n imprimimos su informaci\u00f3n variable y combinamos varios productos de acuerdo a sus necesidades, as\u00ed le ofrecemos un producto integral. Nuestros productos se elaboran 100% en nuestra [&hellip;]","og_url":"https:\/\/forgesa.net\/index.php\/productos\/","og_site_name":"Formas Generales","article_modified_time":"2024-02-29T18:30:28+00:00","twitter_card":"summary_large_image","twitter_misc":{"Tiempo de lectura":"1 minuto"},"schema":{"@context":"https:\/\/schema.org","@graph":[{"@type":"WebPage","@id":"https:\/\/forgesa.net\/index.php\/productos\/","url":"https:\/\/forgesa.net\/index.php\/productos\/","name":"PRODUCTOS - Formas Generales","isPartOf":{"@id":"https:\/\/forgesa.net\/#website"},"datePublished":"2024-02-27T16:32:22+00:00","dateModified":"2024-02-29T18:30:28+00:00","breadcrumb":{"@id":"https:\/\/forgesa.net\/index.php\/productos\/#breadcrumb"},"inLanguage":"es","potentialAction":[{"@type":"ReadAction","target":["https:\/\/forgesa.net\/index.php\/productos\/"]}]},{"@type":"BreadcrumbList","@id":"https:\/\/forgesa.net\/index.php\/productos\/#breadcrumb","itemListElement":[{"@type":"ListItem","position":1,"name":"Portada","item":"https:\/\/forgesa.net\/"},{"@type":"ListItem","position":2,"name":"PRODUCTOS"}]},{"@type":"WebSite","@id":"https:\/\/forgesa.net\/#website","url":"https:\/\/forgesa.net\/","name":"Formas Generales","description":"Soluciones en Impresi\u00f3n","potentialAction":[{"@type":"SearchAction","target":{"@type":"EntryPoint","urlTemplate":"https:\/\/forgesa.net\/?s={search_term_string}"},"query-input":{"@type":"PropertyValueSpecification","valueRequired":true,"valueName":"search_term_string"}}],"inLanguage":"es"}]}},"_links":{"self":[{"href":"https:\/\/forgesa.net\/index.php\/wp-json\/wp\/v2\/pages\/18","targetHints":{"allow":["GET"]}}],"collection":[{"href":"https:\/\/forgesa.net\/index.php\/wp-json\/wp\/v2\/pages"}],"about":[{"href":"https:\/\/forgesa.net\/index.php\/wp-json\/wp\/v2\/types\/page"}],"author":[{"embeddable":true,"href":"https:\/\/forgesa.net\/index.php\/wp-json\/wp\/v2\/users\/1"}],"replies":[{"embeddable":true,"href":"https:\/\/forgesa.net\/index.php\/wp-json\/wp\/v2\/comments?post=18"}],"version-history":[{"count":22,"href":"https:\/\/forgesa.net\/index.php\/wp-json\/wp\/v2\/pages\/18\/revisions"}],"predecessor-version":[{"id":290,"href":"https:\/\/forgesa.net\/index.php\/wp-json\/wp\/v2\/pages\/18\/revisions\/290"}],"wp:attachment":[{"href":"https:\/\/forgesa.net\/index.php\/wp-json\/wp\/v2\/media?parent=18"}],"curies":[{"name":"wp","href":"https:\/\/api.w.org\/{rel}","templated":true}]}}