{"id":20,"date":"2024-02-27T16:32:22","date_gmt":"2024-02-27T16:32:22","guid":{"rendered":"https:\/\/forgesa.net\/?page_id=20"},"modified":"2024-04-10T20:55:09","modified_gmt":"2024-04-10T20:55:09","slug":"contacto","status":"publish","type":"page","link":"https:\/\/forgesa.net\/index.php\/contacto\/","title":{"rendered":"CONTACTO"},"content":{"rendered":"<h1><strong>\u00a1CONT\u00c1CTANOS!<\/strong><\/h1>\n<div>\n<p>\u00a1No dude en contactarnos, ya sea visit\u00e1donos o llenando nuestro formulario!<\/p>\n<\/div>\n<div>\n<div>\n<p class=\"wpcf7-contact-form-not-found\"><strong>Error:<\/strong> Formulario de contacto no encontrado.<\/p>\n<\/div>\n<\/div>\n<h2>NUESTROS TEL\u00c9FONOS:<\/h2>\n<div>\n<p><strong>GERENTE DE VENTAS<\/strong><\/p>\n<\/div>\n<div>\n<p>epadilla@forgesa.net<\/p>\n<\/div>\n<div>\n<p>+52 (461) 10 11 574<\/p>\n<\/div>\n<div>\n<p><strong>LE\u00d3N, GTO<\/strong><\/p>\n<\/div>\n<div>\n<p>lourdes@forgesa.net<\/p>\n<\/div>\n<div>\n<p>+52 (477) 26 45 311<\/p>\n<\/div>\n<div>\n<p><strong>CELAYA, GTO<\/strong><\/p>\n<\/div>\n<div>\n<p>jzavalac@forgesa.net<\/p>\n<\/div>\n<div>\n<p>+52 (461) 25 40 571<\/p>\n<\/div>\n<div>\n<p><strong>CELAYA, GTO<\/strong><\/p>\n<\/div>\n<div>\n<p>polo@forgesa.net<\/p>\n<\/div>\n<div>\n<p>+52 (461) 25 40 570<\/p>\n<\/div>\n<div>\n<p><strong>MORELIA, MICH<\/strong><\/p>\n<\/div>\n<div>\n<p>minerva@forgesa.net<\/p>\n<\/div>\n<div>\n<p>+52 (461) 10 11 574<\/p>\n<\/div>\n<div>\n<p><strong>IRAPUATO, GTO<\/strong><\/p>\n<\/div>\n<div>\n<p>jzavalac@forgesa.net<\/p>\n<\/div>\n<div>\n<p>+52 (462) 25 40 571<\/p>\n<\/div>\n<div>\n<p><strong>SAN LUIS POTOS\u00cd, SLP<\/strong><\/p>\n<\/div>\n<div>\n<p>epadilla@forgesa.net<\/p>\n<\/div>\n<div>\n<p>+52 (461) 10 11 574<\/p>\n<\/div>\n<div>\n<p><strong>QUERETARO, QRO<\/strong><\/p>\n<\/div>\n<div>\n<p>vsantamaria@forgesa.net<\/p>\n<\/div>\n<div>\n<p>+52 (442) 22 65 717<\/p>\n<\/div>\n<div>\n<p><strong>QUERETARO, QRO<\/strong><\/p>\n<\/div>\n<div>\n<p>lguerreo@forgesa.net<\/p>\n<\/div>\n<div>\n<p>+52 (442) 33 64 121<\/p>\n<\/div>\n<div>\n<p><strong>AGUASCALIENTES<\/strong><\/p>\n<\/div>\n<div>\n<p>epadilla@forgesa.net<\/p>\n<\/div>\n<div>\n<p>+52 (461) 10 11 574<\/p>\n<\/div>\n<p><!--more--><br \/>\n<!-- {\"type\":\"layout\",\"children\":[{\"type\":\"section\",\"props\":{\"animation\":\"scale-up\",\"image_position\":\"center-center\",\"padding\":\"small\",\"style\":\"default\",\"title_breakpoint\":\"xl\",\"title_position\":\"top-left\",\"title_rotation\":\"left\",\"vertical_align\":\"middle\",\"width\":\"expand\"},\"children\":[{\"type\":\"row\",\"children\":[{\"type\":\"column\",\"props\":{\"image_position\":\"center-center\",\"position_sticky_breakpoint\":\"m\"},\"children\":[{\"type\":\"headline\",\"props\":{\"content\":\"<strong>\\u00a1CONT\\u00c1CTANOS!<\\\/strong>\",\"text_align\":\"center\",\"title_element\":\"h1\"}},{\"type\":\"text\",\"props\":{\"column_breakpoint\":\"m\",\"content\":\"\n\n<p>\\u00a1No dude en contactarnos, ya sea visit\\u00e1donos o llenando nuestro formulario!<\\\/p>\",\"margin\":\"default\",\"text_align\":\"center\",\"text_style\":\"small\"}},{\"type\":\"panel\",\"props\":{\"content\":\"\n\n<p>[contact-form-7 id=\\\"b8941d3\\\" title=\\\"Sin t\\u00edtulo\\\"]<\\\/p>\",\"content_column_breakpoint\":\"m\",\"icon_width\":80,\"image_align\":\"top\",\"image_grid_breakpoint\":\"m\",\"image_grid_width\":\"1-2\",\"image_svg_color\":\"emphasis\",\"link_style\":\"default\",\"link_text\":\"Read more\",\"margin\":\"default\",\"meta_align\":\"below-title\",\"meta_element\":\"div\",\"meta_style\":\"text-meta\",\"title_align\":\"top\",\"title_element\":\"h3\",\"title_grid_breakpoint\":\"m\",\"title_grid_width\":\"1-2\",\"title_hover_style\":\"reset\"}}]}]}]},{\"type\":\"section\",\"props\":{\"animation\":\"scale-up\",\"image_position\":\"center-center\",\"padding\":\"small\",\"style\":\"default\",\"title_breakpoint\":\"xl\",\"title_position\":\"top-left\",\"title_rotation\":\"left\",\"vertical_align\":\"middle\",\"width\":\"default\"},\"children\":[{\"type\":\"row\",\"children\":[{\"type\":\"column\",\"props\":{\"image_position\":\"center-center\",\"position_sticky_breakpoint\":\"m\"},\"children\":[{\"type\":\"headline\",\"props\":{\"content\":\"NUESTROS TEL\\u00c9FONOS:\",\"text_align\":\"center\",\"title_element\":\"h2\"}}]}]},{\"type\":\"row\",\"props\":{\"layout\":\"1-5,1-5,1-5,1-5,1-5|1-2,1-2,1-3,1-3,1-3\"},\"children\":[{\"type\":\"column\",\"props\":{\"image_position\":\"center-center\",\"position_sticky_breakpoint\":\"m\",\"width_medium\":\"1-5\",\"width_small\":\"1-2\"},\"children\":[{\"type\":\"text\",\"props\":{\"column_breakpoint\":\"m\",\"content\":\"\n\n<p><strong>GERENTE DE VENTAS<\\\/strong><\\\/p>\",\"margin\":\"default\",\"margin_remove_bottom\":true}},{\"type\":\"text\",\"props\":{\"column_breakpoint\":\"m\",\"content\":\"\n\n<p>epadilla@forgesa.net<\\\/p>\",\"margin\":\"default\",\"margin_remove_bottom\":true,\"margin_remove_top\":true,\"text_style\":\"small\"}},{\"type\":\"text\",\"props\":{\"column_breakpoint\":\"m\",\"content\":\"\n\n<p>+52 (461) 10 11 574<\\\/p>\",\"margin\":\"default\",\"margin_remove_top\":true,\"text_style\":\"small\"}}]},{\"type\":\"column\",\"props\":{\"image_position\":\"center-center\",\"position_sticky_breakpoint\":\"m\",\"width_medium\":\"1-5\",\"width_small\":\"1-2\"},\"children\":[{\"type\":\"text\",\"props\":{\"column_breakpoint\":\"m\",\"content\":\"\n\n<p><strong>LE\\u00d3N, GTO<\\\/strong><\\\/p>\",\"margin\":\"default\",\"margin_remove_bottom\":true}},{\"type\":\"text\",\"props\":{\"column_breakpoint\":\"m\",\"content\":\"\n\n<p>lourdes@forgesa.net<\\\/p>\",\"margin\":\"default\",\"margin_remove_bottom\":true,\"margin_remove_top\":true,\"text_style\":\"small\"}},{\"type\":\"text\",\"props\":{\"column_breakpoint\":\"m\",\"content\":\"\n\n<p>+52 (477) 26 45 311<\\\/p>\",\"margin\":\"default\",\"margin_remove_top\":true,\"text_style\":\"small\"}}]},{\"type\":\"column\",\"props\":{\"image_position\":\"center-center\",\"position_sticky_breakpoint\":\"m\",\"width_medium\":\"1-5\",\"width_small\":\"1-3\"},\"children\":[{\"type\":\"text\",\"props\":{\"column_breakpoint\":\"m\",\"content\":\"\n\n<p><strong>CELAYA, GTO<\\\/strong><\\\/p>\",\"margin\":\"default\",\"margin_remove_bottom\":true}},{\"type\":\"text\",\"props\":{\"column_breakpoint\":\"m\",\"content\":\"\n\n<p>jzavalac@forgesa.net<\\\/p>\",\"margin\":\"default\",\"margin_remove_bottom\":true,\"margin_remove_top\":true,\"text_style\":\"small\"}},{\"type\":\"text\",\"props\":{\"column_breakpoint\":\"m\",\"content\":\"\n\n<p>+52 (461) 25 40 571<\\\/p>\",\"margin\":\"default\",\"margin_remove_top\":true,\"text_style\":\"small\"}}]},{\"type\":\"column\",\"props\":{\"image_position\":\"center-center\",\"position_sticky_breakpoint\":\"m\",\"width_medium\":\"1-5\",\"width_small\":\"1-3\"},\"children\":[{\"type\":\"text\",\"props\":{\"column_breakpoint\":\"m\",\"content\":\"\n\n<p><strong>CELAYA, GTO<\\\/strong><\\\/p>\",\"margin\":\"default\",\"margin_remove_bottom\":true}},{\"type\":\"text\",\"props\":{\"column_breakpoint\":\"m\",\"content\":\"\n\n<p>polo@forgesa.net<\\\/p>\",\"margin\":\"default\",\"margin_remove_bottom\":true,\"margin_remove_top\":true,\"text_style\":\"small\"}},{\"type\":\"text\",\"props\":{\"column_breakpoint\":\"m\",\"content\":\"\n\n<p>+52 (461) 25 40 570<\\\/p>\",\"margin\":\"default\",\"margin_remove_top\":true,\"text_style\":\"small\"}}]},{\"type\":\"column\",\"props\":{\"image_position\":\"center-center\",\"position_sticky_breakpoint\":\"m\",\"width_medium\":\"1-5\",\"width_small\":\"1-3\"},\"children\":[{\"type\":\"text\",\"props\":{\"column_breakpoint\":\"m\",\"content\":\"\n\n<p><strong>MORELIA, MICH<\\\/strong><\\\/p>\",\"margin\":\"default\",\"margin_remove_bottom\":true}},{\"type\":\"text\",\"props\":{\"column_breakpoint\":\"m\",\"content\":\"\n\n<p>minerva@forgesa.net<\\\/p>\",\"margin\":\"default\",\"margin_remove_bottom\":true,\"margin_remove_top\":true,\"text_style\":\"small\"}},{\"type\":\"text\",\"props\":{\"column_breakpoint\":\"m\",\"content\":\"\n\n<p>+52 (461) 10 11 574<\\\/p>\",\"margin\":\"default\",\"margin_remove_top\":true,\"text_style\":\"small\"}}]}]},{\"type\":\"row\",\"props\":{\"layout\":\"1-5,1-5,1-5,1-5,1-5|1-2,1-2,1-3,1-3,1-3\"},\"children\":[{\"type\":\"column\",\"props\":{\"image_position\":\"center-center\",\"position_sticky_breakpoint\":\"m\",\"width_medium\":\"1-5\",\"width_small\":\"1-2\"},\"children\":[{\"type\":\"text\",\"props\":{\"column_breakpoint\":\"m\",\"content\":\"\n\n<p><strong>IRAPUATO, GTO<\\\/strong><\\\/p>\",\"margin\":\"default\",\"margin_remove_bottom\":true}},{\"type\":\"text\",\"props\":{\"column_breakpoint\":\"m\",\"content\":\"\n\n<p>jzavalac@forgesa.net<\\\/p>\",\"margin\":\"default\",\"margin_remove_bottom\":true,\"margin_remove_top\":true,\"text_style\":\"small\"}},{\"type\":\"text\",\"props\":{\"column_breakpoint\":\"m\",\"content\":\"\n\n<p>+52 (462) 25 40 571<\\\/p>\",\"margin\":\"default\",\"margin_remove_top\":true,\"text_style\":\"small\"}}]},{\"type\":\"column\",\"props\":{\"image_position\":\"center-center\",\"position_sticky_breakpoint\":\"m\",\"width_medium\":\"1-5\",\"width_small\":\"1-2\"},\"children\":[{\"type\":\"text\",\"props\":{\"column_breakpoint\":\"m\",\"content\":\"\n\n<p><strong>SAN LUIS POTOS\\u00cd, SLP<\\\/strong><\\\/p>\",\"margin\":\"default\",\"margin_remove_bottom\":true}},{\"type\":\"text\",\"props\":{\"column_breakpoint\":\"m\",\"content\":\"\n\n<p>epadilla@forgesa.net<\\\/p>\",\"margin\":\"default\",\"margin_remove_bottom\":true,\"margin_remove_top\":true,\"text_style\":\"small\"}},{\"type\":\"text\",\"props\":{\"column_breakpoint\":\"m\",\"content\":\"\n\n<p>+52 (461) 10 11 574<\\\/p>\",\"margin\":\"default\",\"margin_remove_top\":true,\"text_style\":\"small\"}}]},{\"type\":\"column\",\"props\":{\"image_position\":\"center-center\",\"position_sticky_breakpoint\":\"m\",\"width_medium\":\"1-5\",\"width_small\":\"1-3\"},\"children\":[{\"type\":\"text\",\"props\":{\"column_breakpoint\":\"m\",\"content\":\"\n\n<p><strong>QUERETARO, QRO<\\\/strong><\\\/p>\",\"margin\":\"default\",\"margin_remove_bottom\":true}},{\"type\":\"text\",\"props\":{\"column_breakpoint\":\"m\",\"content\":\"\n\n<p>vsantamaria@forgesa.net<\\\/p>\",\"margin\":\"default\",\"margin_remove_bottom\":true,\"margin_remove_top\":true,\"text_style\":\"small\"}},{\"type\":\"text\",\"props\":{\"column_breakpoint\":\"m\",\"content\":\"\n\n<p>+52 (442) 22 65 717<\\\/p>\",\"margin\":\"default\",\"margin_remove_top\":true,\"text_style\":\"small\"}}]},{\"type\":\"column\",\"props\":{\"image_position\":\"center-center\",\"position_sticky_breakpoint\":\"m\",\"width_medium\":\"1-5\",\"width_small\":\"1-3\"},\"children\":[{\"type\":\"text\",\"props\":{\"column_breakpoint\":\"m\",\"content\":\"\n\n<p><strong>QUERETARO, QRO<\\\/strong><\\\/p>\",\"margin\":\"default\",\"margin_remove_bottom\":true}},{\"type\":\"text\",\"props\":{\"column_breakpoint\":\"m\",\"content\":\"\n\n<p>lguerreo@forgesa.net<\\\/p>\",\"margin\":\"default\",\"margin_remove_bottom\":true,\"margin_remove_top\":true,\"text_style\":\"small\"}},{\"type\":\"text\",\"props\":{\"column_breakpoint\":\"m\",\"content\":\"\n\n<p>+52 (442) 33 64 121<\\\/p>\",\"margin\":\"default\",\"margin_remove_top\":true,\"text_style\":\"small\"}}]},{\"type\":\"column\",\"props\":{\"image_position\":\"center-center\",\"position_sticky_breakpoint\":\"m\",\"width_medium\":\"1-5\",\"width_small\":\"1-3\"},\"children\":[{\"type\":\"text\",\"props\":{\"column_breakpoint\":\"m\",\"content\":\"\n\n<p><strong>AGUASCALIENTES<\\\/strong><\\\/p>\",\"margin\":\"default\",\"margin_remove_bottom\":true}},{\"type\":\"text\",\"props\":{\"column_breakpoint\":\"m\",\"content\":\"\n\n<p>epadilla@forgesa.net<\\\/p>\",\"margin\":\"default\",\"margin_remove_bottom\":true,\"margin_remove_top\":true,\"text_style\":\"small\"}},{\"type\":\"text\",\"props\":{\"column_breakpoint\":\"m\",\"content\":\"\n\n<p>+52 (461) 10 11 574<\\\/p>\",\"margin\":\"default\",\"margin_remove_top\":true,\"text_style\":\"small\"}}]}]}]}],\"version\":\"4.3.4\"} --><\/p>\n","protected":false},"excerpt":{"rendered":"<p>\u00a1CONT\u00c1CTANOS! \u00a1No dude en contactarnos, ya sea visit\u00e1donos o llenando nuestro formulario! NUESTROS TEL\u00c9FONOS: GERENTE DE VENTAS epadilla@forgesa.net +52 (461) 10 11 574 LE\u00d3N, GTO lourdes@forgesa.net +52 (477) 26 45 311 CELAYA, GTO jzavalac@forgesa.net +52 (461) 25 40 571 CELAYA, GTO polo@forgesa.net +52 (461) 25 40 570 MORELIA, MICH minerva@forgesa.net +52 (461) 10 11 574 [&hellip;]<\/p>\n","protected":false},"author":1,"featured_media":0,"parent":0,"menu_order":0,"comment_status":"closed","ping_status":"closed","template":"","meta":{"_joinchat":[],"footnotes":""},"class_list":["post-20","page","type-page","status-publish","hentry"],"yoast_head":"<!-- This site is optimized with the Yoast SEO plugin v26.2 - https:\/\/yoast.com\/wordpress\/plugins\/seo\/ -->\n<title>CONTACTO - Formas Generales<\/title>\n<meta name=\"robots\" content=\"index, follow, max-snippet:-1, max-image-preview:large, max-video-preview:-1\" \/>\n<link rel=\"canonical\" href=\"https:\/\/forgesa.net\/index.php\/contacto\/\" \/>\n<meta property=\"og:locale\" content=\"es_ES\" \/>\n<meta property=\"og:type\" content=\"article\" \/>\n<meta property=\"og:title\" content=\"CONTACTO - Formas Generales\" \/>\n<meta property=\"og:description\" content=\"\u00a1CONT\u00c1CTANOS! \u00a1No dude en contactarnos, ya sea visit\u00e1donos o llenando nuestro formulario! NUESTROS TEL\u00c9FONOS: GERENTE DE VENTAS epadilla@forgesa.net +52 (461) 10 11 574 LE\u00d3N, GTO lourdes@forgesa.net +52 (477) 26 45 311 CELAYA, GTO jzavalac@forgesa.net +52 (461) 25 40 571 CELAYA, GTO polo@forgesa.net +52 (461) 25 40 570 MORELIA, MICH minerva@forgesa.net +52 (461) 10 11 574 [&hellip;]\" \/>\n<meta property=\"og:url\" content=\"https:\/\/forgesa.net\/index.php\/contacto\/\" \/>\n<meta property=\"og:site_name\" content=\"Formas Generales\" \/>\n<meta property=\"article:modified_time\" content=\"2024-04-10T20:55:09+00:00\" \/>\n<meta name=\"twitter:card\" content=\"summary_large_image\" \/>\n<script type=\"application\/ld+json\" class=\"yoast-schema-graph\">{\"@context\":\"https:\/\/schema.org\",\"@graph\":[{\"@type\":\"WebPage\",\"@id\":\"https:\/\/forgesa.net\/index.php\/contacto\/\",\"url\":\"https:\/\/forgesa.net\/index.php\/contacto\/\",\"name\":\"CONTACTO - Formas Generales\",\"isPartOf\":{\"@id\":\"https:\/\/forgesa.net\/#website\"},\"datePublished\":\"2024-02-27T16:32:22+00:00\",\"dateModified\":\"2024-04-10T20:55:09+00:00\",\"breadcrumb\":{\"@id\":\"https:\/\/forgesa.net\/index.php\/contacto\/#breadcrumb\"},\"inLanguage\":\"es\",\"potentialAction\":[{\"@type\":\"ReadAction\",\"target\":[\"https:\/\/forgesa.net\/index.php\/contacto\/\"]}]},{\"@type\":\"BreadcrumbList\",\"@id\":\"https:\/\/forgesa.net\/index.php\/contacto\/#breadcrumb\",\"itemListElement\":[{\"@type\":\"ListItem\",\"position\":1,\"name\":\"Portada\",\"item\":\"https:\/\/forgesa.net\/\"},{\"@type\":\"ListItem\",\"position\":2,\"name\":\"CONTACTO\"}]},{\"@type\":\"WebSite\",\"@id\":\"https:\/\/forgesa.net\/#website\",\"url\":\"https:\/\/forgesa.net\/\",\"name\":\"Formas Generales\",\"description\":\"Soluciones en Impresi\u00f3n\",\"potentialAction\":[{\"@type\":\"SearchAction\",\"target\":{\"@type\":\"EntryPoint\",\"urlTemplate\":\"https:\/\/forgesa.net\/?s={search_term_string}\"},\"query-input\":{\"@type\":\"PropertyValueSpecification\",\"valueRequired\":true,\"valueName\":\"search_term_string\"}}],\"inLanguage\":\"es\"}]}<\/script>\n<!-- \/ Yoast SEO plugin. -->","yoast_head_json":{"title":"CONTACTO - Formas Generales","robots":{"index":"index","follow":"follow","max-snippet":"max-snippet:-1","max-image-preview":"max-image-preview:large","max-video-preview":"max-video-preview:-1"},"canonical":"https:\/\/forgesa.net\/index.php\/contacto\/","og_locale":"es_ES","og_type":"article","og_title":"CONTACTO - Formas Generales","og_description":"\u00a1CONT\u00c1CTANOS! \u00a1No dude en contactarnos, ya sea visit\u00e1donos o llenando nuestro formulario! NUESTROS TEL\u00c9FONOS: GERENTE DE VENTAS epadilla@forgesa.net +52 (461) 10 11 574 LE\u00d3N, GTO lourdes@forgesa.net +52 (477) 26 45 311 CELAYA, GTO jzavalac@forgesa.net +52 (461) 25 40 571 CELAYA, GTO polo@forgesa.net +52 (461) 25 40 570 MORELIA, MICH minerva@forgesa.net +52 (461) 10 11 574 [&hellip;]","og_url":"https:\/\/forgesa.net\/index.php\/contacto\/","og_site_name":"Formas Generales","article_modified_time":"2024-04-10T20:55:09+00:00","twitter_card":"summary_large_image","schema":{"@context":"https:\/\/schema.org","@graph":[{"@type":"WebPage","@id":"https:\/\/forgesa.net\/index.php\/contacto\/","url":"https:\/\/forgesa.net\/index.php\/contacto\/","name":"CONTACTO - Formas Generales","isPartOf":{"@id":"https:\/\/forgesa.net\/#website"},"datePublished":"2024-02-27T16:32:22+00:00","dateModified":"2024-04-10T20:55:09+00:00","breadcrumb":{"@id":"https:\/\/forgesa.net\/index.php\/contacto\/#breadcrumb"},"inLanguage":"es","potentialAction":[{"@type":"ReadAction","target":["https:\/\/forgesa.net\/index.php\/contacto\/"]}]},{"@type":"BreadcrumbList","@id":"https:\/\/forgesa.net\/index.php\/contacto\/#breadcrumb","itemListElement":[{"@type":"ListItem","position":1,"name":"Portada","item":"https:\/\/forgesa.net\/"},{"@type":"ListItem","position":2,"name":"CONTACTO"}]},{"@type":"WebSite","@id":"https:\/\/forgesa.net\/#website","url":"https:\/\/forgesa.net\/","name":"Formas Generales","description":"Soluciones en Impresi\u00f3n","potentialAction":[{"@type":"SearchAction","target":{"@type":"EntryPoint","urlTemplate":"https:\/\/forgesa.net\/?s={search_term_string}"},"query-input":{"@type":"PropertyValueSpecification","valueRequired":true,"valueName":"search_term_string"}}],"inLanguage":"es"}]}},"_links":{"self":[{"href":"https:\/\/forgesa.net\/index.php\/wp-json\/wp\/v2\/pages\/20","targetHints":{"allow":["GET"]}}],"collection":[{"href":"https:\/\/forgesa.net\/index.php\/wp-json\/wp\/v2\/pages"}],"about":[{"href":"https:\/\/forgesa.net\/index.php\/wp-json\/wp\/v2\/types\/page"}],"author":[{"embeddable":true,"href":"https:\/\/forgesa.net\/index.php\/wp-json\/wp\/v2\/users\/1"}],"replies":[{"embeddable":true,"href":"https:\/\/forgesa.net\/index.php\/wp-json\/wp\/v2\/comments?post=20"}],"version-history":[{"count":64,"href":"https:\/\/forgesa.net\/index.php\/wp-json\/wp\/v2\/pages\/20\/revisions"}],"predecessor-version":[{"id":534,"href":"https:\/\/forgesa.net\/index.php\/wp-json\/wp\/v2\/pages\/20\/revisions\/534"}],"wp:attachment":[{"href":"https:\/\/forgesa.net\/index.php\/wp-json\/wp\/v2\/media?parent=20"}],"curies":[{"name":"wp","href":"https:\/\/api.w.org\/{rel}","templated":true}]}}