{"id":38,"date":"2024-02-27T16:45:39","date_gmt":"2024-02-27T16:45:39","guid":{"rendered":"https:\/\/forgesa.net\/?page_id=38"},"modified":"2024-04-06T00:26:36","modified_gmt":"2024-04-06T00:26:36","slug":"tradicional","status":"publish","type":"page","link":"https:\/\/forgesa.net\/index.php\/tradicional\/","title":{"rendered":"TRADICIONAL"},"content":{"rendered":"<h1>IMPRESI\u00d3N <strong>FORMATOS TRADICIONALES<\/strong><\/h1>\n<ul>\n<li>\n<p>        <img decoding=\"async\" src=\"\/wp-content\/uploads\/2024\/04\/182.png\" alt=\"\"><\/p>\n<\/li>\n<li>\n<p>        <img decoding=\"async\" src=\"\/wp-content\/uploads\/2024\/04\/183.png\" alt=\"\"><\/p>\n<\/li>\n<li>\n<p>        <img decoding=\"async\" src=\"\/wp-content\/uploads\/2024\/04\/184.png\" alt=\"\"><\/p>\n<\/li>\n<li>\n<p>        <img decoding=\"async\" src=\"\/wp-content\/uploads\/2024\/04\/185.png\" alt=\"\"><\/p>\n<\/li>\n<li>\n<p>        <img decoding=\"async\" src=\"\/wp-content\/uploads\/2024\/04\/186.png\" alt=\"\"><\/p>\n<\/li>\n<\/ul>\n<div>\n<p>Tenemos la mejor maquinaria de prensas rotativas para casi cualquier impresi\u00f3n de formatos de tintas planas y selecci\u00f3n de color.<\/p>\n<p>Contamos con la tecnolog\u00eda para imprimir cualquier tipo de formato, ya sea, en forma continua, hoja para impresora l\u00e1ser o cualquier tipo de formatos para negocios. En este rubro entra lo referente a rollos, los cuales podemos imprimir en varias tintas y diferentes papeles (t\u00e9rmicos, autocopiantes, self contained, bond) y en original o hasta tres tantos. Todos los porcesos son hechos en nuestra planta.<\/p>\n<\/div>\n<p>\n    <a href=\"\/index.php\/contacto\/\">CONT\u00c1CTANOS<\/a>\n<\/p>\n<p><!--more--><br \/>\n<!-- {\"type\":\"layout\",\"children\":[{\"type\":\"section\",\"props\":{\"animation\":\"scale-up\",\"image_position\":\"center-center\",\"padding\":\"small\",\"style\":\"default\",\"title_breakpoint\":\"xl\",\"title_position\":\"top-left\",\"title_rotation\":\"left\",\"vertical_align\":\"middle\",\"width\":\"default\"},\"children\":[{\"type\":\"row\",\"children\":[{\"type\":\"column\",\"props\":{\"image_position\":\"center-center\",\"position_sticky_breakpoint\":\"m\"},\"children\":[{\"type\":\"headline\",\"props\":{\"content\":\"IMPRESI\\u00d3N <strong>FORMATOS TRADICIONALES<\\\/strong>\",\"text_align\":\"center\",\"title_element\":\"h1\"}}]}]}]},{\"type\":\"section\",\"props\":{\"animation\":\"scale-up\",\"image_position\":\"center-center\",\"padding\":\"xsmall\",\"padding_remove_top\":true,\"style\":\"default\",\"title_breakpoint\":\"xl\",\"title_position\":\"top-left\",\"title_rotation\":\"left\",\"vertical_align\":\"middle\",\"width\":\"\"},\"children\":[{\"type\":\"row\",\"children\":[{\"type\":\"column\",\"props\":{\"image_position\":\"center-center\",\"position_sticky_breakpoint\":\"m\"},\"children\":[{\"type\":\"slideshow\",\"props\":{\"link_style\":\"default\",\"link_text\":\"Read more\",\"margin\":\"default\",\"meta_align\":\"below-title\",\"meta_element\":\"div\",\"meta_style\":\"text-meta\",\"nav\":\"dotnav\",\"nav_align\":\"center\",\"nav_breakpoint\":\"s\",\"nav_position\":\"bottom-center\",\"nav_position_margin\":\"medium\",\"overlay_animation\":\"parallax\",\"overlay_position\":\"center-left\",\"show_content\":false,\"show_link\":false,\"show_meta\":false,\"show_thumbnail\":false,\"show_title\":false,\"slidenav\":\"default\",\"slidenav_breakpoint\":\"s\",\"slidenav_margin\":\"medium\",\"slidenav_outside_breakpoint\":\"xl\",\"slideshow_autoplay\":true,\"slideshow_autoplay_pause\":false,\"slideshow_min_height\":300,\"thumbnav_height\":\"75\",\"thumbnav_svg_color\":\"emphasis\",\"thumbnav_width\":\"100\",\"title_element\":\"h3\"},\"children\":[{\"type\":\"slideshow_item\",\"props\":{\"image\":\"wp-content\\\/uploads\\\/2024\\\/04\\\/182.png\"}},{\"type\":\"slideshow_item\",\"props\":{\"image\":\"wp-content\\\/uploads\\\/2024\\\/04\\\/183.png\"}},{\"type\":\"slideshow_item\",\"props\":{\"image\":\"wp-content\\\/uploads\\\/2024\\\/04\\\/184.png\"}},{\"type\":\"slideshow_item\",\"props\":{\"image\":\"wp-content\\\/uploads\\\/2024\\\/04\\\/185.png\"}},{\"type\":\"slideshow_item\",\"props\":{\"image\":\"wp-content\\\/uploads\\\/2024\\\/04\\\/186.png\"}}]}]}]}]},{\"type\":\"section\",\"props\":{\"animation\":\"scale-up\",\"image_position\":\"center-center\",\"padding\":\"small\",\"style\":\"default\",\"title_breakpoint\":\"xl\",\"title_position\":\"top-left\",\"title_rotation\":\"left\",\"vertical_align\":\"middle\",\"width\":\"default\"},\"children\":[{\"type\":\"row\",\"children\":[{\"type\":\"column\",\"props\":{\"image_position\":\"center-center\",\"position_sticky_breakpoint\":\"m\"},\"children\":[{\"type\":\"text\",\"props\":{\"column_breakpoint\":\"m\",\"content\":\"\n\n<p>Tenemos la mejor maquinaria de prensas rotativas para casi cualquier impresi\\u00f3n de formatos de tintas planas y selecci\\u00f3n de color.<\\\/p>\\n\n\n<p>Contamos con la tecnolog\\u00eda para imprimir cualquier tipo de formato, ya sea, en forma continua, hoja para impresora l\\u00e1ser o cualquier tipo de formatos para negocios. En este rubro entra lo referente a rollos, los cuales podemos imprimir en varias tintas y diferentes papeles (t\\u00e9rmicos, autocopiantes, self contained, bond) y en original o hasta tres tantos. Todos los porcesos son hechos en nuestra planta.<\\\/p>\",\"margin\":\"default\",\"text_align\":\"center\",\"text_style\":\"small\"}},{\"type\":\"button\",\"props\":{\"grid_column_gap\":\"small\",\"grid_row_gap\":\"small\",\"margin\":\"default\",\"text_align\":\"center\"},\"children\":[{\"type\":\"button_item\",\"props\":{\"button_style\":\"default\",\"content\":\"CONT\\u00c1CTANOS\",\"icon_align\":\"left\",\"link\":\"index.php\\\/contacto\\\/\",\"link_title\":\"CONT\\u00c1CTANOS\"}}]}]}]}]}],\"version\":\"4.3.4\"} --><\/p>\n","protected":false},"excerpt":{"rendered":"<p>IMPRESI\u00d3N FORMATOS TRADICIONALES Tenemos la mejor maquinaria de prensas rotativas para casi cualquier impresi\u00f3n de formatos de tintas planas y selecci\u00f3n de color. Contamos con la tecnolog\u00eda para imprimir cualquier tipo de formato, ya sea, en forma continua, hoja para impresora l\u00e1ser o cualquier tipo de formatos para negocios. En este rubro entra lo referente [&hellip;]<\/p>\n","protected":false},"author":1,"featured_media":0,"parent":0,"menu_order":0,"comment_status":"closed","ping_status":"closed","template":"","meta":{"_joinchat":[],"footnotes":""},"class_list":["post-38","page","type-page","status-publish","hentry"],"yoast_head":"<!-- This site is optimized with the Yoast SEO plugin v26.2 - https:\/\/yoast.com\/wordpress\/plugins\/seo\/ -->\n<title>TRADICIONAL - Formas Generales<\/title>\n<meta name=\"robots\" content=\"index, follow, max-snippet:-1, max-image-preview:large, max-video-preview:-1\" \/>\n<link rel=\"canonical\" href=\"https:\/\/forgesa.net\/index.php\/tradicional\/\" \/>\n<meta property=\"og:locale\" content=\"es_ES\" \/>\n<meta property=\"og:type\" content=\"article\" \/>\n<meta property=\"og:title\" content=\"TRADICIONAL - Formas Generales\" \/>\n<meta property=\"og:description\" content=\"IMPRESI\u00d3N FORMATOS TRADICIONALES Tenemos la mejor maquinaria de prensas rotativas para casi cualquier impresi\u00f3n de formatos de tintas planas y selecci\u00f3n de color. Contamos con la tecnolog\u00eda para imprimir cualquier tipo de formato, ya sea, en forma continua, hoja para impresora l\u00e1ser o cualquier tipo de formatos para negocios. En este rubro entra lo referente [&hellip;]\" \/>\n<meta property=\"og:url\" content=\"https:\/\/forgesa.net\/index.php\/tradicional\/\" \/>\n<meta property=\"og:site_name\" content=\"Formas Generales\" \/>\n<meta property=\"article:modified_time\" content=\"2024-04-06T00:26:36+00:00\" \/>\n<meta name=\"twitter:card\" content=\"summary_large_image\" \/>\n<script type=\"application\/ld+json\" class=\"yoast-schema-graph\">{\"@context\":\"https:\/\/schema.org\",\"@graph\":[{\"@type\":\"WebPage\",\"@id\":\"https:\/\/forgesa.net\/index.php\/tradicional\/\",\"url\":\"https:\/\/forgesa.net\/index.php\/tradicional\/\",\"name\":\"TRADICIONAL - Formas Generales\",\"isPartOf\":{\"@id\":\"https:\/\/forgesa.net\/#website\"},\"datePublished\":\"2024-02-27T16:45:39+00:00\",\"dateModified\":\"2024-04-06T00:26:36+00:00\",\"breadcrumb\":{\"@id\":\"https:\/\/forgesa.net\/index.php\/tradicional\/#breadcrumb\"},\"inLanguage\":\"es\",\"potentialAction\":[{\"@type\":\"ReadAction\",\"target\":[\"https:\/\/forgesa.net\/index.php\/tradicional\/\"]}]},{\"@type\":\"BreadcrumbList\",\"@id\":\"https:\/\/forgesa.net\/index.php\/tradicional\/#breadcrumb\",\"itemListElement\":[{\"@type\":\"ListItem\",\"position\":1,\"name\":\"Portada\",\"item\":\"https:\/\/forgesa.net\/\"},{\"@type\":\"ListItem\",\"position\":2,\"name\":\"TRADICIONAL\"}]},{\"@type\":\"WebSite\",\"@id\":\"https:\/\/forgesa.net\/#website\",\"url\":\"https:\/\/forgesa.net\/\",\"name\":\"Formas Generales\",\"description\":\"Soluciones en Impresi\u00f3n\",\"potentialAction\":[{\"@type\":\"SearchAction\",\"target\":{\"@type\":\"EntryPoint\",\"urlTemplate\":\"https:\/\/forgesa.net\/?s={search_term_string}\"},\"query-input\":{\"@type\":\"PropertyValueSpecification\",\"valueRequired\":true,\"valueName\":\"search_term_string\"}}],\"inLanguage\":\"es\"}]}<\/script>\n<!-- \/ Yoast SEO plugin. -->","yoast_head_json":{"title":"TRADICIONAL - Formas Generales","robots":{"index":"index","follow":"follow","max-snippet":"max-snippet:-1","max-image-preview":"max-image-preview:large","max-video-preview":"max-video-preview:-1"},"canonical":"https:\/\/forgesa.net\/index.php\/tradicional\/","og_locale":"es_ES","og_type":"article","og_title":"TRADICIONAL - Formas Generales","og_description":"IMPRESI\u00d3N FORMATOS TRADICIONALES Tenemos la mejor maquinaria de prensas rotativas para casi cualquier impresi\u00f3n de formatos de tintas planas y selecci\u00f3n de color. Contamos con la tecnolog\u00eda para imprimir cualquier tipo de formato, ya sea, en forma continua, hoja para impresora l\u00e1ser o cualquier tipo de formatos para negocios. En este rubro entra lo referente [&hellip;]","og_url":"https:\/\/forgesa.net\/index.php\/tradicional\/","og_site_name":"Formas Generales","article_modified_time":"2024-04-06T00:26:36+00:00","twitter_card":"summary_large_image","schema":{"@context":"https:\/\/schema.org","@graph":[{"@type":"WebPage","@id":"https:\/\/forgesa.net\/index.php\/tradicional\/","url":"https:\/\/forgesa.net\/index.php\/tradicional\/","name":"TRADICIONAL - Formas Generales","isPartOf":{"@id":"https:\/\/forgesa.net\/#website"},"datePublished":"2024-02-27T16:45:39+00:00","dateModified":"2024-04-06T00:26:36+00:00","breadcrumb":{"@id":"https:\/\/forgesa.net\/index.php\/tradicional\/#breadcrumb"},"inLanguage":"es","potentialAction":[{"@type":"ReadAction","target":["https:\/\/forgesa.net\/index.php\/tradicional\/"]}]},{"@type":"BreadcrumbList","@id":"https:\/\/forgesa.net\/index.php\/tradicional\/#breadcrumb","itemListElement":[{"@type":"ListItem","position":1,"name":"Portada","item":"https:\/\/forgesa.net\/"},{"@type":"ListItem","position":2,"name":"TRADICIONAL"}]},{"@type":"WebSite","@id":"https:\/\/forgesa.net\/#website","url":"https:\/\/forgesa.net\/","name":"Formas Generales","description":"Soluciones en Impresi\u00f3n","potentialAction":[{"@type":"SearchAction","target":{"@type":"EntryPoint","urlTemplate":"https:\/\/forgesa.net\/?s={search_term_string}"},"query-input":{"@type":"PropertyValueSpecification","valueRequired":true,"valueName":"search_term_string"}}],"inLanguage":"es"}]}},"_links":{"self":[{"href":"https:\/\/forgesa.net\/index.php\/wp-json\/wp\/v2\/pages\/38","targetHints":{"allow":["GET"]}}],"collection":[{"href":"https:\/\/forgesa.net\/index.php\/wp-json\/wp\/v2\/pages"}],"about":[{"href":"https:\/\/forgesa.net\/index.php\/wp-json\/wp\/v2\/types\/page"}],"author":[{"embeddable":true,"href":"https:\/\/forgesa.net\/index.php\/wp-json\/wp\/v2\/users\/1"}],"replies":[{"embeddable":true,"href":"https:\/\/forgesa.net\/index.php\/wp-json\/wp\/v2\/comments?post=38"}],"version-history":[{"count":30,"href":"https:\/\/forgesa.net\/index.php\/wp-json\/wp\/v2\/pages\/38\/revisions"}],"predecessor-version":[{"id":448,"href":"https:\/\/forgesa.net\/index.php\/wp-json\/wp\/v2\/pages\/38\/revisions\/448"}],"wp:attachment":[{"href":"https:\/\/forgesa.net\/index.php\/wp-json\/wp\/v2\/media?parent=38"}],"curies":[{"name":"wp","href":"https:\/\/api.w.org\/{rel}","templated":true}]}}